{"id":29050,"date":"2024-11-06T15:21:54","date_gmt":"2024-11-06T14:21:54","guid":{"rendered":"https:\/\/preprod.france-copeaux.com\/politiques-de-confidentialites\/"},"modified":"2025-04-08T16:39:34","modified_gmt":"2025-04-08T14:39:34","slug":"politiques-de-confidentialites","status":"publish","type":"page","link":"https:\/\/preprod.france-copeaux.com\/nl\/politiques-de-confidentialites\/","title":{"rendered":"Politiques de confidentialit\u00e9s"},"content":{"rendered":"\t\t<div data-elementor-type=\"wp-page\" data-elementor-id=\"29050\" class=\"elementor elementor-29050 elementor-23150\" data-elementor-post-type=\"page\">\n\t\t\t\t<div class=\"elementor-element elementor-element-de6f8d9 e-flex e-con-boxed e-con e-parent\" data-id=\"de6f8d9\" data-element_type=\"container\" data-e-type=\"container\">\n\t\t\t\t\t<div class=\"e-con-inner\">\n\t\t\t\t<div class=\"elementor-element elementor-element-8239ffa elementor-widget elementor-widget-heading\" data-id=\"8239ffa\" data-element_type=\"widget\" data-e-type=\"widget\" data-widget_type=\"heading.default\">\n\t\t\t\t<div class=\"elementor-widget-container\">\n\t\t\t\t\t<h1 class=\"elementor-heading-title elementor-size-default\">Politique de confidentialit\u00e9 <\/h1>\t\t\t\t<\/div>\n\t\t\t\t<\/div>\n\t\t\t\t\t<\/div>\n\t\t\t\t<\/div>\n\t\t<div class=\"elementor-element elementor-element-7782fe6 e-flex e-con-boxed e-con e-parent\" data-id=\"7782fe6\" data-element_type=\"container\" data-e-type=\"container\">\n\t\t\t\t\t<div class=\"e-con-inner\">\n\t\t\t\t<div class=\"elementor-element elementor-element-63b171a elementor-widget elementor-widget-text-editor\" data-id=\"63b171a\" data-element_type=\"widget\" data-e-type=\"widget\" data-widget_type=\"text-editor.default\">\n\t\t\t\t<div class=\"elementor-widget-container\">\n\t\t\t\t\t\t\t\t\t<h2>ARTICLE 1 : PR\u00c9AMBULE<\/h2><p> <\/p><p> <\/p><p>La pr\u00e9sente politique de confidentialit\u00e9 a pour but d\u2019informer les utilisateurs du site :<\/p><ul><li>Sur la mani\u00e8re dont sont collect\u00e9es leurs donn\u00e9es personnelles. Sont consid\u00e9r\u00e9es comme des donn\u00e9es personnelles, toute information permettant d\u2019identifier un utilisateur. A ce titre, il peut s\u2019agir : de ses noms et pr\u00e9noms, de son \u00e2ge, de son adresse postale ou email, de sa localisation ou encore de son adresse IP (liste non-exhaustive) ;  <\/li><li>Sur les droits dont ils disposent concernant ces donn\u00e9es ;<\/li><li>Sur la personne responsable du traitement des donn\u00e9es \u00e0 caract\u00e8re personnel collect\u00e9es et trait\u00e9es ;<\/li><li>Sur les destinataires de ces donn\u00e9es personnelles ;<\/li><li>Sur la politique du site en mati\u00e8re de cookies.<\/li><\/ul><p> <\/p><p>Cette politique compl\u00e8te les mentions l\u00e9gales et les Conditions G\u00e9n\u00e9rales d\u2019Utilisation consultables par les utilisateurs \u00e0 l\u2019adresse suivante :<\/p><p><blockquote class=\"wp-embedded-content\" data-secret=\"0KPt4jsZuS\"><a href=\"https:\/\/www.france-copeaux.com\/mentions-legales\/\">Mentions l\u00e9gales<\/a><\/blockquote><iframe class=\"wp-embedded-content\" sandbox=\"allow-scripts\" security=\"restricted\" style=\"position: absolute; visibility: hidden;\" title=\"\u00ab\u00a0Mentions l\u00e9gales\u00a0\u00bb &#8212; France Copeaux\" src=\"https:\/\/www.france-copeaux.com\/mentions-legales\/embed\/#?secret=HHPLSCLX3n#?secret=0KPt4jsZuS\" data-secret=\"0KPt4jsZuS\" width=\"600\" height=\"338\" frameborder=\"0\" marginwidth=\"0\" marginheight=\"0\" scrolling=\"no\"><\/iframe><\/p><p> <\/p><h2> <\/h2><h2>ARTICLE 2 : PRINCIPES RELATIFS \u00c0 LA COLLECTE ET AU TRAITEMENT DES DONN\u00c9ES PERSONNELLES<\/h2><p> <\/p><p> <\/p><p>Conform\u00e9ment \u00e0 l\u2019article 5 du R\u00e8glement europ\u00e9en 2016\/679, les donn\u00e9es \u00e0 caract\u00e8re personnel sont :<\/p><ul><li>Trait\u00e9es de mani\u00e8re licite, loyale et transparente au regard de la personne concern\u00e9e ;<\/li><li>Collect\u00e9es pour des finalit\u00e9s d\u00e9termin\u00e9es (cf. Article 3.1 des pr\u00e9sentes), explicites et l\u00e9gitimes, et ne pas \u00eatre trait\u00e9es ult\u00e9rieurement d&#8217;une mani\u00e8re incompatible avec ces finalit\u00e9s ;<\/li><li>Ad\u00e9quates, pertinentes et limit\u00e9es \u00e0 ce qui est n\u00e9cessaire au regard des finalit\u00e9s pour lesquelles elles sont trait\u00e9es ;<\/li><li>Exactes et, si n\u00e9cessaire, tenues \u00e0 jour. Toutes les mesures raisonnables doivent \u00eatre prises pour que les donn\u00e9es \u00e0 caract\u00e8re personnel qui sont inexactes, eu \u00e9gard aux finalit\u00e9s pour lesquelles elles sont trait\u00e9es, soient effac\u00e9es ou rectifi\u00e9es sans tarder ; <\/li><li>Conserv\u00e9es sous une forme permettant l&#8217;identification des personnes concern\u00e9es pendant une dur\u00e9e n&#8217;exc\u00e9dant pas celle n\u00e9cessaire au regard des finalit\u00e9s pour lesquelles elles sont trait\u00e9es ;<\/li><li>Trait\u00e9es de fa\u00e7on \u00e0 garantir une s\u00e9curit\u00e9 appropri\u00e9e des donn\u00e9es collect\u00e9es, y compris la protection contre le traitement non autoris\u00e9 ou illicite et contre la perte, la destruction ou les d\u00e9g\u00e2ts d&#8217;origine accidentelle, \u00e0 l&#8217;aide de mesures techniques ou organisationnelles appropri\u00e9es.<\/li><\/ul><p> <\/p><p>Le traitement n&#8217;est licite que si, et dans la mesure o\u00f9, au moins une des conditions suivantes est remplie :<\/p><ul><li>La personne concern\u00e9e a consenti au traitement de ses donn\u00e9es \u00e0 caract\u00e8re personnel pour une ou plusieurs finalit\u00e9s sp\u00e9cifiques ;<\/li><li>Le traitement est n\u00e9cessaire \u00e0 l&#8217;ex\u00e9cution d&#8217;un contrat auquel la personne concern\u00e9e est partie ou \u00e0 l&#8217;ex\u00e9cution de mesures pr\u00e9contractuelles prises \u00e0 la demande de celle-ci ;<\/li><li>Le traitement est n\u00e9cessaire au respect d&#8217;une obligation l\u00e9gale \u00e0 laquelle le responsable du traitement est soumis ;<\/li><li>Le traitement est n\u00e9cessaire \u00e0 la sauvegarde des int\u00e9r\u00eats vitaux de la personne concern\u00e9e ou d&#8217;une autre personne physique ;<\/li><li>Le traitement est n\u00e9cessaire \u00e0 l&#8217;ex\u00e9cution d&#8217;une mission d&#8217;int\u00e9r\u00eat public ou relevant de l&#8217;exercice de l&#8217;autorit\u00e9 publique dont est investi le responsable du traitement ;<\/li><li>Le traitement est n\u00e9cessaire aux fins des int\u00e9r\u00eats l\u00e9gitimes poursuivis par le responsable du traitement ou par un tiers, \u00e0 moins que ne pr\u00e9valent les int\u00e9r\u00eats ou les libert\u00e9s et droits fondamentaux de la personne concern\u00e9e qui exigent une protection des donn\u00e9es \u00e0 caract\u00e8re personnel, notamment lorsque la personne concern\u00e9e est un enfant.<\/li><\/ul><h2> <\/h2><h2>ARTICLE 3 : DONN\u00c9ES \u00c0 CARACT\u00c8RE PERSONNEL COLLECT\u00c9ES ET TRAIT\u00c9ES DANS LE CADRE DE LA NAVIGATION SUR LE SITE<\/h2><p> <\/p><h3>Article 3.1 : Donn\u00e9es collect\u00e9es<\/h3><p> <\/p><p> <\/p><p>Les donn\u00e9es personnelles collect\u00e9es dans le cadre de notre activit\u00e9 sont les suivantes :<\/p><p><b><i>Nom, pr\u00e9nom, email, adresse IP, pages visit\u00e9es.<\/i><\/b><\/p><p>La collecte et le traitement de ces donn\u00e9es r\u00e9pond \u00e0 la (aux) finalit\u00e9(s) suivante(s) :<\/p><p><b><i>Envoi de newsletter, prise de contact commerciale<\/i><\/b><\/p><p> <\/p><h3>Article 3.2 : Mode de collecte des donn\u00e9es<\/h3><p> <\/p><p> <\/p><p>Lorsque vous utilisez notre site, sont automatiquement collect\u00e9es les donn\u00e9es suivantes :<\/p><p><b><i>Pages consult\u00e9es.<\/i><\/b><\/p><p>D\u2019autres donn\u00e9es personnelles sont collect\u00e9es lorsque vous effectuez les op\u00e9rations suivantes sur la plateforme :<\/p><p><b><i>Nom, Pr\u00e9nom, Soci\u00e9t\u00e9, email.<\/i><\/b><\/p><p> <\/p><p>Elles sont conserv\u00e9es par le responsable du traitement dans des conditions raisonnables de s\u00e9curit\u00e9, pour une dur\u00e9e de : <b><i>2 ans<\/i><\/b><\/p><p>La soci\u00e9t\u00e9 est susceptible de conserver certaines donn\u00e9es \u00e0 caract\u00e8re personnel au-del\u00e0 des d\u00e9lais annonc\u00e9s ci-dessus afin de remplir ses obligations l\u00e9gales ou r\u00e9glementaires.<\/p><p> <\/p><h3> <\/h3><h3>Article 3.3 : H\u00e9bergement des donn\u00e9es<\/h3><p> <\/p><p> <\/p><p>De website France-copeaux.com wordt gehost door :<\/p><p><span style=\"text-align: var(--text-align);\">OVH SAS, <\/span><\/p><p><span style=\"text-align: var(--text-align);\">situ\u00e9 2 rue Kellermann &#8211; <\/span><\/p><p><span style=\"text-align: var(--text-align);\">BP 80157 &#8211; <\/span><\/p><p><span style=\"text-align: var(--text-align);\">59053 Roubaix Cedex 1<\/span><em> <\/em><\/p><p><span style=\"text-align: var(--text-align);\">Contact t\u00e9l\u00e9phonique ou email : 1007<\/span><\/p><p> <\/p><p> <\/p><h2> <\/h2><h2>ARTICLE 4 : RESPONSABLE DU TRAITEMENT DES DONN\u00c9ES ET D\u00c9L\u00c9GU\u00c9 \u00c0 LA PROTECTION DES DONN\u00c9ES<\/h2><p> <\/p><h3>Article 4.1 : Le responsable du traitement des donn\u00e9es<\/h3><p> <\/p><p> <\/p><p>Persoonlijke gegevens worden verzameld door FRANCE COPEAUX, een SAS met een kapitaal van \u20ac320.000, geregistreerd onder nummer <span style=\"text-align: var(--text-align);\">B 412 668 394<\/span><span style=\"text-align: var(--text-align);\">. <\/span> <\/p><p>Le responsable du traitement des donn\u00e9es \u00e0 caract\u00e8re personnel peut \u00eatre contact\u00e9 de la mani\u00e8re suivante :<\/p><p>Per post naar het volgende adres: PARC D ACTIVITE VAL D OUST SUD &#8211; 56140 SAINT-ABRAHAM ;<\/p><p>Per telefoon op <span style=\"text-align: var(--text-align);\">+33297748484<\/span><span style=\"text-align: var(--text-align);\">; <\/span> <\/p><p>Par mail : contact@francecopeaux.fr.<\/p><p> <\/p><h3> <\/h3><h3>Artikel 4.2: De functionaris voor gegevensbescherming<\/h3><p> <\/p><p> <\/p><p>De functionaris voor gegevensbescherming voor het bedrijf of de verantwoordelijke persoon is :<\/p><p><span style=\"text-align: var(--text-align);\">Alexandre Levesque, <\/span><span style=\"text-align: var(--text-align);\">AKTIVITEITENPARK VAL D OUST SUD &#8211; 56140 SAINT-ABRAHAM &#8211; FRANKRIJK <\/span><span style=\"text-align: var(--text-align);\">+33297748484<\/span><\/p><p><span style=\"text-align: var(--text-align);\">Si vous estimez, apr\u00e8s nous avoir contact\u00e9s, que vos droits \u201cInformatique et Libert\u00e9s\u201d, ne sont pas respect\u00e9s, vous pouvez adresser une information \u00e0 la CNIL.<\/span><\/p><p> <\/p><h2> <\/h2><h2>ARTICLE 5 : LES DROITS DE L\u2019UTILISATEUR EN MATI\u00c8RE DE COLLECTE ET DE TRAITEMENT DES DONN\u00c9ES<\/h2><p> <\/p><p> <\/p><p>Tout utilisateur concern\u00e9 par le traitement de ses donn\u00e9es personnelles peut se pr\u00e9valoir des droits suivants, en application du r\u00e8glement europ\u00e9en 2016\/679 et de la Loi Informatique et Libert\u00e9 (Loi 78-17 du 6 janvier 1978) :<\/p><ul><li>Droit d\u2019acc\u00e8s, de rectification et droit \u00e0 l\u2019effacement des donn\u00e9es (pos\u00e9s respectivement aux articles 15, 16 et 17 du RGPD) ;<\/li><li>Droit \u00e0 la portabilit\u00e9 des donn\u00e9es (article 20 du RGPD) ;<\/li><li>Droit \u00e0 la limitation (article 18 du RGPD) et \u00e0 l\u2019opposition du traitement des donn\u00e9es (article 21 du RGPD) ;<\/li><li>Droit de ne pas faire l\u2019objet d\u2019une d\u00e9cision fond\u00e9e exclusivement sur un proc\u00e9d\u00e9 automatis\u00e9 ;<\/li><li>Droit de d\u00e9terminer le sort des donn\u00e9es apr\u00e8s la mort ;<\/li><li>Droit de saisir l\u2019autorit\u00e9 de contr\u00f4le comp\u00e9tente (article 77 du RGPD).<\/li><\/ul><p> <\/p><p>Om uw rechten uit te oefenen, kunt u schrijven naar France Copeaux of een e-mail sturen naar <span style=\"text-align: var(--text-align);\">contact@francecopeaux.fr.<\/span><\/p><p>Afin que le responsable du traitement des donn\u00e9es puisse faire droit \u00e0 sa demande, l\u2019utilisateur peut \u00eatre tenu de lui communiquer certaines informations telles que : ses noms et pr\u00e9noms, son adresse e-mail ainsi que son num\u00e9ro de compte, d\u2019espace personnel ou d\u2019abonn\u00e9.<\/p><p>Consultez le site cnil.fr pour plus d\u2019informations sur vos droits.<\/p><p> <\/p><h2> <\/h2><h2>ARTIKEL 6: VOORWAARDEN VOOR HET WIJZIGEN VAN HET PRIVACYBELEID<\/h2><p> <\/p><p> <\/p><p>De uitgever van de site France-copeaux.com behoudt zich het recht voor om dit beleid op elk moment te wijzigen om ervoor te zorgen dat de gebruikers van de site de geldende wetgeving naleven.<\/p><p>Les \u00e9ventuelles modifications ne sauraient avoir d\u2019incidence sur les achats ant\u00e9rieurement effectu\u00e9s sur le site, lesquels restent soumis \u00e0 la Politique en vigueur au moment de l\u2019achat et telle qu\u2019accept\u00e9e par l\u2019utilisateur lors de la validation de l\u2019achat.<\/p><p>L\u2019utilisateur est invit\u00e9 \u00e0 prendre connaissance de cette Politique \u00e0 chaque fois qu\u2019il utilise nos services, sans qu\u2019il soit n\u00e9cessaire de l\u2019en pr\u00e9venir formellement.<\/p><p>Dit beleid, gepubliceerd op 06\/11\/2024, is bijgewerkt op <span style=\"text-align: var(--text-align);\">06\/11\/2024<\/span><span style=\"text-align: var(--text-align);\">.<\/span><\/p>\t\t\t\t\t\t\t\t<\/div>\n\t\t\t\t<\/div>\n\t\t\t\t\t<\/div>\n\t\t\t\t<\/div>\n\t\t\t\t<\/div>\n\t\t","protected":false},"excerpt":{"rendered":"<p>Politique de confidentialit\u00e9 ARTICLE 1 : PR\u00c9AMBULE La pr\u00e9sente politique de confidentialit\u00e9 a pour but d\u2019informer les utilisateurs du site : Sur la mani\u00e8re dont sont collect\u00e9es leurs donn\u00e9es personnelles. Sont consid\u00e9r\u00e9es comme des donn\u00e9es personnelles, toute information permettant d\u2019identifier un utilisateur. A ce titre, il peut s\u2019agir : de ses noms et pr\u00e9noms, de [&hellip;]<\/p>\n","protected":false},"author":1,"featured_media":0,"parent":0,"menu_order":0,"comment_status":"closed","ping_status":"closed","template":"elementor_header_footer","meta":{"om_disable_all_campaigns":false,"_monsterinsights_skip_tracking":false,"_monsterinsights_sitenote_active":false,"_monsterinsights_sitenote_note":"","_monsterinsights_sitenote_category":0,"footnotes":""},"class_list":["post-29050","page","type-page","status-publish","hentry"],"aioseo_notices":[],"_links":{"self":[{"href":"https:\/\/preprod.france-copeaux.com\/nl\/wp-json\/wp\/v2\/pages\/29050","targetHints":{"allow":["GET"]}}],"collection":[{"href":"https:\/\/preprod.france-copeaux.com\/nl\/wp-json\/wp\/v2\/pages"}],"about":[{"href":"https:\/\/preprod.france-copeaux.com\/nl\/wp-json\/wp\/v2\/types\/page"}],"author":[{"embeddable":true,"href":"https:\/\/preprod.france-copeaux.com\/nl\/wp-json\/wp\/v2\/users\/1"}],"replies":[{"embeddable":true,"href":"https:\/\/preprod.france-copeaux.com\/nl\/wp-json\/wp\/v2\/comments?post=29050"}],"version-history":[{"count":4,"href":"https:\/\/preprod.france-copeaux.com\/nl\/wp-json\/wp\/v2\/pages\/29050\/revisions"}],"predecessor-version":[{"id":29073,"href":"https:\/\/preprod.france-copeaux.com\/nl\/wp-json\/wp\/v2\/pages\/29050\/revisions\/29073"}],"wp:attachment":[{"href":"https:\/\/preprod.france-copeaux.com\/nl\/wp-json\/wp\/v2\/media?parent=29050"}],"curies":[{"name":"wp","href":"https:\/\/api.w.org\/{rel}","templated":true}]}}